{"id":175,"date":"2026-03-04T09:35:56","date_gmt":"2026-03-04T08:35:56","guid":{"rendered":"http:\/\/wakeforfriends.pl\/?page_id=175"},"modified":"2026-03-04T09:36:52","modified_gmt":"2026-03-04T08:36:52","slug":"kontakt","status":"publish","type":"page","link":"https:\/\/wakeforfriends.pl\/index.php\/kontakt\/","title":{"rendered":"Kontakt"},"content":{"rendered":"<section id=\"kontakt\" class=\"bde-section-175-100 bde-section\">\n  \n  \n\t\n\n\n\n<div class=\"section-container\"><div class=\"bde-columns-175-101 bde-columns\"><div class=\"bde-column-175-102 bde-column\">\n  \n  \n\t\n\n\n\n<div class=\"bde-div-175-103 bde-div\">\n  \n  \n\t\n\n\n\n<div class=\"bde-text-175-104 bde-text\">\nKONTAKT\n<\/div><h4 class=\"bde-heading-175-105 bde-heading\">\nSkontaktuj si\u0119 z nami <br>i zaplanuj dzie\u0144 nad wod\u0105\n<\/h4><div class=\"bde-text-175-106 bde-text\">\nMasz pytania, chcesz zarezerwowa\u0107 slot albo zaplanowa\u0107 event? Odezwij si\u0119 do nas. Ch\u0119tnie podpowiemy, jak najlepiej zaplanowa\u0107 p\u0142ywanie lub spotkanie w Wake For Friends.\n<\/div>\n<\/div><div class=\"bde-grid-175-107 bde-grid\">\n  \n  \n\t\n\n\n\n<div class=\"bde-div-175-108 bde-div\">\n  \n  \n\t\n\n\n\n<h6 class=\"bde-heading-175-109 bde-heading\">\nTelefon\n<\/h6><div class=\"bde-text-175-110 bde-text\">\n+48 444 555 666\n<\/div>\n<\/div><div class=\"bde-div-175-111 bde-div\">\n  \n  \n\t\n\n\n\n<h6 class=\"bde-heading-175-112 bde-heading\">\nEmail\n<\/h6><div class=\"bde-text-175-113 bde-text\">\nbiuro@wakeforfriends.pl\n<\/div>\n<\/div><div class=\"bde-div-175-114 bde-div\">\n  \n  \n\t\n\n\n\n<h6 class=\"bde-heading-175-115 bde-heading\">\nAdres\n<\/h6><div class=\"bde-text-175-116 bde-text\">\nChrzan\u00f3w Ma\u0142y 49,<br>05-825 Chrzan\u00f3w Ma\u0142y\n<\/div>\n<\/div><div class=\"bde-div-175-117 bde-div\">\n  \n  \n\t\n\n\n\n<h6 class=\"bde-heading-175-118 bde-heading\">\nSociale\n<\/h6><div class=\"bde-div-175-119 bde-div\">\n  \n  \n\t\n\n\n\n<div class=\"bde-icon-175-120 bde-icon\">\n\n    \n            <div class=\"bde-icon-icon breakdance-icon-atom\" >\n    \n                    <svg xmlns=\"http:\/\/www.w3.org\/2000\/svg\" id=\"icon-facebook\" viewBox=\"0 0 32 32\">\n<path d=\"M19 6h5v-6h-5c-3.86 0-7 3.14-7 7v3h-4v6h4v16h6v-16h5l1-6h-6v-3c0-0.542 0.458-1 1-1z\"\/>\n<\/svg>\n        \n        \n        \n            <\/div>\n    \n\n\n<\/div><div class=\"bde-icon-175-121 bde-icon\">\n\n    \n            <div class=\"bde-icon-icon breakdance-icon-atom\" >\n    \n                    <svg xmlns=\"http:\/\/www.w3.org\/2000\/svg\" id=\"icon-instagram\" viewBox=\"0 0 32 32\">\n<path d=\"M16 2.881c4.275 0 4.781 0.019 6.462 0.094 1.563 0.069 2.406 0.331 2.969 0.55 0.744 0.288 1.281 0.638 1.837 1.194 0.563 0.563 0.906 1.094 1.2 1.838 0.219 0.563 0.481 1.412 0.55 2.969 0.075 1.688 0.094 2.194 0.094 6.463s-0.019 4.781-0.094 6.463c-0.069 1.563-0.331 2.406-0.55 2.969-0.288 0.744-0.637 1.281-1.194 1.837-0.563 0.563-1.094 0.906-1.837 1.2-0.563 0.219-1.413 0.481-2.969 0.55-1.688 0.075-2.194 0.094-6.463 0.094s-4.781-0.019-6.463-0.094c-1.563-0.069-2.406-0.331-2.969-0.55-0.744-0.288-1.281-0.637-1.838-1.194-0.563-0.563-0.906-1.094-1.2-1.837-0.219-0.563-0.481-1.413-0.55-2.969-0.075-1.688-0.094-2.194-0.094-6.463s0.019-4.781 0.094-6.463c0.069-1.563 0.331-2.406 0.55-2.969 0.288-0.744 0.638-1.281 1.194-1.838 0.563-0.563 1.094-0.906 1.838-1.2 0.563-0.219 1.412-0.481 2.969-0.55 1.681-0.075 2.188-0.094 6.463-0.094zM16 0c-4.344 0-4.887 0.019-6.594 0.094-1.7 0.075-2.869 0.35-3.881 0.744-1.056 0.412-1.95 0.956-2.837 1.85-0.894 0.888-1.438 1.781-1.85 2.831-0.394 1.019-0.669 2.181-0.744 3.881-0.075 1.713-0.094 2.256-0.094 6.6s0.019 4.887 0.094 6.594c0.075 1.7 0.35 2.869 0.744 3.881 0.413 1.056 0.956 1.95 1.85 2.837 0.887 0.887 1.781 1.438 2.831 1.844 1.019 0.394 2.181 0.669 3.881 0.744 1.706 0.075 2.25 0.094 6.594 0.094s4.888-0.019 6.594-0.094c1.7-0.075 2.869-0.35 3.881-0.744 1.050-0.406 1.944-0.956 2.831-1.844s1.438-1.781 1.844-2.831c0.394-1.019 0.669-2.181 0.744-3.881 0.075-1.706 0.094-2.25 0.094-6.594s-0.019-4.887-0.094-6.594c-0.075-1.7-0.35-2.869-0.744-3.881-0.394-1.063-0.938-1.956-1.831-2.844-0.887-0.887-1.781-1.438-2.831-1.844-1.019-0.394-2.181-0.669-3.881-0.744-1.712-0.081-2.256-0.1-6.6-0.1v0z\"\/>\n<path d=\"M16 7.781c-4.537 0-8.219 3.681-8.219 8.219s3.681 8.219 8.219 8.219 8.219-3.681 8.219-8.219c0-4.537-3.681-8.219-8.219-8.219zM16 21.331c-2.944 0-5.331-2.387-5.331-5.331s2.387-5.331 5.331-5.331c2.944 0 5.331 2.387 5.331 5.331s-2.387 5.331-5.331 5.331z\"\/>\n<path d=\"M26.462 7.456c0 1.060-0.859 1.919-1.919 1.919s-1.919-0.859-1.919-1.919c0-1.060 0.859-1.919 1.919-1.919s1.919 0.859 1.919 1.919z\"\/>\n<\/svg>\n        \n        \n        \n            <\/div>\n    \n\n\n<\/div>\n<\/div>\n<\/div>\n<\/div>\n<\/div><div class=\"bde-column-175-122 bde-column\">\n  \n  \n\t\n\n\n\n<div class=\"bde-div-175-123 bde-div\">\n  \n  \n\t\n\n\n\n<div class=\"bde-div-175-124 bde-div\">\n  \n  \n\t\n\n\n\n<div class=\"bde-div-175-125 bde-div\">\n  \n  \n\t\n\n\n\n<img decoding=\"async\" class=\"bde-image2-175-126 bde-image2\" src=\"http:\/\/wakeforfriends.pl\/wp-content\/uploads\/2026\/01\/wff-logo.png\" loading=\"lazy\" srcset=\"http:\/\/wakeforfriends.pl\/wp-content\/uploads\/2026\/01\/wff-logo.png 432w, http:\/\/wakeforfriends.pl\/wp-content\/uploads\/2026\/01\/wff-logo-300x300.png 300w, http:\/\/wakeforfriends.pl\/wp-content\/uploads\/2026\/01\/wff-logo-150x150.png 150w\" sizes=\"(max-width: 432px) 100vw, 432px\">\n<\/div><div class=\"bde-div-175-127 bde-div\">\n  \n  \n\t\n\n\n\n<h5 class=\"bde-heading-175-128 bde-heading\">\nGodziny otwarcia\n<\/h5><div class=\"bde-div-175-129 bde-div\">\n  \n  \n\t\n\n\n\n<div class=\"bde-div-175-130 bde-div\">\n  \n  \n\t\n\n\n\n<div class=\"bde-text-175-131 bde-text\">\nPoniedzia\u0142ek - Pi\u0105tek\n<\/div><div class=\"bde-text-175-132 bde-text\">\n10:00 - 21:00\n<\/div>\n<\/div><div class=\"bde-div-175-133 bde-div\">\n  \n  \n\t\n\n\n\n<div class=\"bde-text-175-134 bde-text\">\nSobota - Niedziela\n<\/div><div class=\"bde-text-175-135 bde-text\">\n09:00 - 22:00\n<\/div>\n<\/div>\n<\/div>\n<\/div>\n<\/div><div class=\"bde-icon-list-175-136 bde-icon-list\">\n<ul>\n  \n              \n    <li>\n              <div class='bde-icon-list__item-wrapper'>\n      \n      <span class='bde-icon-list__icon'>\n        <svg xmlns=\"http:\/\/www.w3.org\/2000\/svg\" viewBox=\"0 0 448 512\"><!--! Font Awesome Free 6.5.1 by @fontawesome - https:\/\/fontawesome.com License - https:\/\/fontawesome.com\/license\/free (Icons: CC BY 4.0, Fonts: SIL OFL 1.1, Code: MIT License) Copyright 2023 Fonticons, Inc. --><path d=\"M152 24c0-13.3-10.7-24-24-24s-24 10.7-24 24V64H64C28.7 64 0 92.7 0 128v16 48V448c0 35.3 28.7 64 64 64H384c35.3 0 64-28.7 64-64V192 144 128c0-35.3-28.7-64-64-64H344V24c0-13.3-10.7-24-24-24s-24 10.7-24 24V64H152V24zM48 192H400V448c0 8.8-7.2 16-16 16H64c-8.8 0-16-7.2-16-16V192z\"\/><\/svg>\n      <\/span>\n      <span class='bde-icon-list__text' >\n      Rezerwujesz slot\n      <\/span>\n              <\/div>\n      \n    <\/li>\n\n  \n              \n    <li>\n              <div class='bde-icon-list__item-wrapper'>\n      \n      <span class='bde-icon-list__icon'>\n        <svg xmlns=\"http:\/\/www.w3.org\/2000\/svg\" viewBox=\"0 0 320 512\"><!--! Font Awesome Free 6.5.1 by @fontawesome - https:\/\/fontawesome.com License - https:\/\/fontawesome.com\/license\/free (Icons: CC BY 4.0, Fonts: SIL OFL 1.1, Code: MIT License) Copyright 2023 Fonticons, Inc. --><path d=\"M16 144a144 144 0 1 1 288 0A144 144 0 1 1 16 144zM160 80c8.8 0 16-7.2 16-16s-7.2-16-16-16c-53 0-96 43-96 96c0 8.8 7.2 16 16 16s16-7.2 16-16c0-35.3 28.7-64 64-64zM128 480V317.1c10.4 1.9 21.1 2.9 32 2.9s21.6-1 32-2.9V480c0 17.7-14.3 32-32 32s-32-14.3-32-32z\"\/><\/svg>\n      <\/span>\n      <span class='bde-icon-list__text' >\n      Przyje\u017cd\u017casz na miejsce\n      <\/span>\n              <\/div>\n      \n    <\/li>\n\n  \n              \n    <li>\n              <div class='bde-icon-list__item-wrapper'>\n      \n      <span class='bde-icon-list__icon'>\n        <svg xmlns=\"http:\/\/www.w3.org\/2000\/svg\" id=\"icon-sun\" viewBox=\"0 0 32 32\">\n<path d=\"M16 26c1.105 0 2 0.895 2 2v2c0 1.105-0.895 2-2 2s-2-0.895-2-2v-2c0-1.105 0.895-2 2-2zM16 6c-1.105 0-2-0.895-2-2v-2c0-1.105 0.895-2 2-2s2 0.895 2 2v2c0 1.105-0.895 2-2 2zM30 14c1.105 0 2 0.895 2 2s-0.895 2-2 2h-2c-1.105 0-2-0.895-2-2s0.895-2 2-2h2zM6 16c0 1.105-0.895 2-2 2h-2c-1.105 0-2-0.895-2-2s0.895-2 2-2h2c1.105 0 2 0.895 2 2zM25.899 23.071l1.414 1.414c0.781 0.781 0.781 2.047 0 2.828s-2.047 0.781-2.828 0l-1.414-1.414c-0.781-0.781-0.781-2.047 0-2.828s2.047-0.781 2.828 0zM6.101 8.929l-1.414-1.414c-0.781-0.781-0.781-2.047 0-2.828s2.047-0.781 2.828 0l1.414 1.414c0.781 0.781 0.781 2.047 0 2.828s-2.047 0.781-2.828 0zM25.899 8.929c-0.781 0.781-2.047 0.781-2.828 0s-0.781-2.047 0-2.828l1.414-1.414c0.781-0.781 2.047-0.781 2.828 0s0.781 2.047 0 2.828l-1.414 1.414zM6.101 23.071c0.781-0.781 2.047-0.781 2.828 0s0.781 2.047 0 2.828l-1.414 1.414c-0.781 0.781-2.047 0.781-2.828 0s-0.781-2.047 0-2.828l1.414-1.414z\"\/>\n<path d=\"M16 8c-4.418 0-8 3.582-8 8s3.582 8 8 8c4.418 0 8-3.582 8-8s-3.582-8-8-8zM16 21c-2.761 0-5-2.239-5-5s2.239-5 5-5 5 2.239 5 5-2.239 5-5 5z\"\/>\n<\/svg>\n      <\/span>\n      <span class='bde-icon-list__text' >\n      P\u0142ywasz i chillujesz\n      <\/span>\n              <\/div>\n      \n    <\/li>\n\n  <\/ul>\n\n<\/div><div class=\"bde-button-175-137 bde-button\">\n    \n                        \n                        \n    \n    \n    \n    \n            \n            <button type=\"button\" class=\"button-atom button-atom--custom bde-button__button\"  >\n    \n        <span class=\"button-atom__text\">Zarezerwuj slot<\/span>\n\n        \n        \n            <\/button>\n    \n\n\n<\/div>\n<\/div>\n<\/div><\/div><div class=\"bde-google-map-175-138 bde-google-map\">\r\n<iframe width=\"100%\" height=\"100%\" style=\"border:0\" loading=\"lazy\" title=\"Map\" src=\"https:\/\/maps.google.com\/maps?q=Chrzan%C3%B3w+Ma%C5%82y+49%2C%3Cbr%3E05-825+Chrzan%C3%B3w+Ma%C5%82y&t=m&z=14&output=embed&iwloc=near\" allowfullscreen><\/iframe>\n<\/div><\/div>\n<\/section>","protected":false},"excerpt":{"rendered":"<p>KONTAKT Skontaktuj si\u0119 z nami i zaplanuj dzie\u0144 nad wod\u0105 Masz pytania, chcesz zarezerwowa\u0107 slot albo zaplanowa\u0107 event? Odezwij si\u0119 do nas. Ch\u0119tnie podpowiemy, jak najlepiej zaplanowa\u0107 p\u0142ywanie lub spotkanie w Wake For Friends. Telefon +48 444 555 666 Email biuro@wakeforfriends.pl Adres Chrzan\u00f3w Ma\u0142y 49,05-825 Chrzan\u00f3w Ma\u0142y Sociale Godziny otwarcia Poniedzia\u0142ek &#8211; Pi\u0105tek 10:00 &#8211; [&hellip;]<\/p>\n","protected":false},"author":1,"featured_media":0,"parent":0,"menu_order":0,"comment_status":"closed","ping_status":"closed","template":"","meta":{"_breakdance_hide_in_design_set":false,"_breakdance_tags":"","footnotes":""},"class_list":["post-175","page","type-page","status-publish","hentry"],"_links":{"self":[{"href":"https:\/\/wakeforfriends.pl\/index.php\/wp-json\/wp\/v2\/pages\/175","targetHints":{"allow":["GET"]}}],"collection":[{"href":"https:\/\/wakeforfriends.pl\/index.php\/wp-json\/wp\/v2\/pages"}],"about":[{"href":"https:\/\/wakeforfriends.pl\/index.php\/wp-json\/wp\/v2\/types\/page"}],"author":[{"embeddable":true,"href":"https:\/\/wakeforfriends.pl\/index.php\/wp-json\/wp\/v2\/users\/1"}],"replies":[{"embeddable":true,"href":"https:\/\/wakeforfriends.pl\/index.php\/wp-json\/wp\/v2\/comments?post=175"}],"version-history":[{"count":2,"href":"https:\/\/wakeforfriends.pl\/index.php\/wp-json\/wp\/v2\/pages\/175\/revisions"}],"predecessor-version":[{"id":177,"href":"https:\/\/wakeforfriends.pl\/index.php\/wp-json\/wp\/v2\/pages\/175\/revisions\/177"}],"wp:attachment":[{"href":"https:\/\/wakeforfriends.pl\/index.php\/wp-json\/wp\/v2\/media?parent=175"}],"curies":[{"name":"wp","href":"https:\/\/api.w.org\/{rel}","templated":true}]}}